{"id":40,"date":"2023-03-16T11:24:20","date_gmt":"2023-03-16T10:24:20","guid":{"rendered":"http:\/\/dev.anesthesiasa.ch\/?page_id=40"},"modified":"2024-03-07T13:17:33","modified_gmt":"2024-03-07T12:17:33","slug":"carriere","status":"publish","type":"page","link":"https:\/\/dev.anesthesiasa.ch\/en\/career\/","title":{"rendered":"Career"},"content":{"rendered":"<div data-elementor-type=\"wp-page\" data-elementor-id=\"40\" class=\"elementor elementor-40\" data-elementor-settings=\"{&quot;ha_cmc_init_switcher&quot;:&quot;no&quot;}\" data-elementor-post-type=\"page\">\n\t\t\t\t\t\t<section class=\"elementor-section elementor-top-section elementor-element elementor-element-38b7753 elementor-section-boxed elementor-section-height-default elementor-section-height-default\" data-id=\"38b7753\" data-element_type=\"section\" data-e-type=\"section\" data-settings=\"{&quot;background_background&quot;:&quot;classic&quot;,&quot;_ha_eqh_enable&quot;:false}\">\n\t\t\t\t\t\t<div class=\"elementor-container elementor-column-gap-default\">\n\t\t\t\t\t<div class=\"elementor-column elementor-col-100 elementor-top-column elementor-element elementor-element-8bf41cb\" data-id=\"8bf41cb\" data-element_type=\"column\" data-e-type=\"column\">\n\t\t\t<div class=\"elementor-widget-wrap elementor-element-populated\">\n\t\t\t\t\t\t<div class=\"elementor-element elementor-element-bf10d78 elementor-widget elementor-widget-spacer\" data-id=\"bf10d78\" data-element_type=\"widget\" data-e-type=\"widget\" data-widget_type=\"spacer.default\">\n\t\t\t\t<div class=\"elementor-widget-container\">\n\t\t\t\t\t\t\t<div class=\"elementor-spacer\">\n\t\t\t<div class=\"elementor-spacer-inner\"><\/div>\n\t\t<\/div>\n\t\t\t\t\t\t<\/div>\n\t\t\t\t<\/div>\n\t\t\t\t<div class=\"elementor-element elementor-element-36c5f136 elementor-widget elementor-widget-heading\" data-id=\"36c5f136\" data-element_type=\"widget\" data-e-type=\"widget\" data-widget_type=\"heading.default\">\n\t\t\t\t<div class=\"elementor-widget-container\">\n\t\t\t\t\t<h1 class=\"elementor-heading-title elementor-size-default\">Career<\/h1>\t\t\t\t<\/div>\n\t\t\t\t<\/div>\n\t\t\t\t<div class=\"elementor-element elementor-element-49d4c7b6 elementor-widget elementor-widget-spacer\" data-id=\"49d4c7b6\" data-element_type=\"widget\" data-e-type=\"widget\" data-widget_type=\"spacer.default\">\n\t\t\t\t<div class=\"elementor-widget-container\">\n\t\t\t\t\t\t\t<div class=\"elementor-spacer\">\n\t\t\t<div class=\"elementor-spacer-inner\"><\/div>\n\t\t<\/div>\n\t\t\t\t\t\t<\/div>\n\t\t\t\t<\/div>\n\t\t\t\t<section class=\"elementor-section elementor-inner-section elementor-element elementor-element-5ceff321 elementor-section-full_width elementor-section-height-default elementor-section-height-default\" data-id=\"5ceff321\" data-element_type=\"section\" data-e-type=\"section\" data-settings=\"{&quot;_ha_eqh_enable&quot;:false}\">\n\t\t\t\t\t\t<div class=\"elementor-container elementor-column-gap-default\">\n\t\t\t\t\t<div class=\"elementor-column elementor-col-50 elementor-inner-column elementor-element elementor-element-7ece228a\" data-id=\"7ece228a\" data-element_type=\"column\" data-e-type=\"column\">\n\t\t\t<div class=\"elementor-widget-wrap elementor-element-populated\">\n\t\t\t\t\t\t<div class=\"elementor-element elementor-element-ae28b2f elementor-widget elementor-widget-text-editor\" data-id=\"ae28b2f\" data-element_type=\"widget\" data-e-type=\"widget\" data-widget_type=\"text-editor.default\">\n\t\t\t\t<div class=\"elementor-widget-container\">\n\t\t\t\t\t\t\t\t\t<p>Our team includes employees with various profiles - anesthesiologists, nurses in anesthesia and the recovery room as well as administrative and secretarial roles.<\/p>\n<div>&nbsp;<\/div>\n<div><span style=\"color: var( --e-global-color-text ); font-family: var( --e-global-typography-text-font-family ), Sans-serif; font-weight: var( --e-global-typography-text-font-weight );\">Joining our team means stepping into a professional and dynamic environment guided by our unwavering values. As part of our team, you'll enjoy advantageous working conditions.&nbsp;<\/span><\/div><div><span style=\"color: var( --e-global-color-text ); font-family: var( --e-global-typography-text-font-family ), Sans-serif; font-weight: var( --e-global-typography-text-font-weight );\"><br><\/span><\/div>\n<p><span style=\"color: var( --e-global-color-text ); font-family: var( --e-global-typography-text-font-family ), Sans-serif; font-weight: var( --e-global-typography-text-font-weight );\">Spontaneous applications and applications for jobs can be sent by e-mail to <a href=\"mailto:info@anesthesiasa.ch\">info@anesthesiasa.ch<\/a><\/span><\/p>\t\t\t\t\t\t\t\t<\/div>\n\t\t\t\t<\/div>\n\t\t\t\t\t<\/div>\n\t\t<\/div>\n\t\t\t\t<div class=\"elementor-column elementor-col-50 elementor-inner-column elementor-element elementor-element-56dfb98c\" data-id=\"56dfb98c\" data-element_type=\"column\" data-e-type=\"column\">\n\t\t\t<div class=\"elementor-widget-wrap elementor-element-populated\">\n\t\t\t\t\t\t<div class=\"elementor-element elementor-element-156b5afb elementor-widget-tablet_extra__width-inherit elementor-widget elementor-widget-image\" data-id=\"156b5afb\" data-element_type=\"widget\" data-e-type=\"widget\" data-widget_type=\"image.default\">\n\t\t\t\t<div class=\"elementor-widget-container\">\n\t\t\t\t\t\t\t\t\t\t\t\t\t\t\t<img fetchpriority=\"high\" decoding=\"async\" width=\"2560\" height=\"1707\" src=\"https:\/\/dev.anesthesiasa.ch\/wp-content\/uploads\/2024\/01\/MG_2382_Edit-2-scaled.jpg\" class=\"attachment-full size-full wp-image-1901\" alt=\"\" srcset=\"https:\/\/dev.anesthesiasa.ch\/wp-content\/uploads\/2024\/01\/MG_2382_Edit-2-scaled.jpg 2560w, https:\/\/dev.anesthesiasa.ch\/wp-content\/uploads\/2024\/01\/MG_2382_Edit-2-300x200.jpg 300w, https:\/\/dev.anesthesiasa.ch\/wp-content\/uploads\/2024\/01\/MG_2382_Edit-2-1024x683.jpg 1024w, https:\/\/dev.anesthesiasa.ch\/wp-content\/uploads\/2024\/01\/MG_2382_Edit-2-768x512.jpg 768w, https:\/\/dev.anesthesiasa.ch\/wp-content\/uploads\/2024\/01\/MG_2382_Edit-2-1536x1024.jpg 1536w, https:\/\/dev.anesthesiasa.ch\/wp-content\/uploads\/2024\/01\/MG_2382_Edit-2-2048x1365.jpg 2048w\" sizes=\"(max-width: 2560px) 100vw, 2560px\" \/>\t\t\t\t\t\t\t\t\t\t\t\t\t\t\t<\/div>\n\t\t\t\t<\/div>\n\t\t\t\t\t<\/div>\n\t\t<\/div>\n\t\t\t\t\t<\/div>\n\t\t<\/section>\n\t\t\t\t<div class=\"elementor-element elementor-element-581f1dff elementor-widget elementor-widget-spacer\" data-id=\"581f1dff\" data-element_type=\"widget\" data-e-type=\"widget\" data-widget_type=\"spacer.default\">\n\t\t\t\t<div class=\"elementor-widget-container\">\n\t\t\t\t\t\t\t<div class=\"elementor-spacer\">\n\t\t\t<div class=\"elementor-spacer-inner\"><\/div>\n\t\t<\/div>\n\t\t\t\t\t\t<\/div>\n\t\t\t\t<\/div>\n\t\t\t\t\t<\/div>\n\t\t<\/div>\n\t\t\t\t\t<\/div>\n\t\t<\/section>\n\t\t\t\t<\/div>","protected":false},"excerpt":{"rendered":"<p>Carri\u00e8re Notre \u00e9quipe compte des collaboratrices et collaborateurs aux profils vari\u00e9s &#8211; aussi bien dans le domaine m\u00e9dical (anesth\u00e9sie) que dans celui des soins en salle de r\u00e9veil, ainsi que dans l&rsquo;administration et le secr\u00e9tariat. &nbsp; Rejoindre nos \u00e9quipes vous permettra d\u2019int\u00e9grer un environnement de travail professionnel, dynamique et r\u00e9gi par des valeurs fortes. Vous [&hellip;]<\/p>\n","protected":false},"author":1,"featured_media":0,"parent":0,"menu_order":0,"comment_status":"closed","ping_status":"closed","template":"","meta":{"footnotes":""},"class_list":["post-40","page","type-page","status-publish","hentry"],"_links":{"self":[{"href":"https:\/\/dev.anesthesiasa.ch\/en\/wp-json\/wp\/v2\/pages\/40","targetHints":{"allow":["GET"]}}],"collection":[{"href":"https:\/\/dev.anesthesiasa.ch\/en\/wp-json\/wp\/v2\/pages"}],"about":[{"href":"https:\/\/dev.anesthesiasa.ch\/en\/wp-json\/wp\/v2\/types\/page"}],"author":[{"embeddable":true,"href":"https:\/\/dev.anesthesiasa.ch\/en\/wp-json\/wp\/v2\/users\/1"}],"replies":[{"embeddable":true,"href":"https:\/\/dev.anesthesiasa.ch\/en\/wp-json\/wp\/v2\/comments?post=40"}],"version-history":[{"count":130,"href":"https:\/\/dev.anesthesiasa.ch\/en\/wp-json\/wp\/v2\/pages\/40\/revisions"}],"predecessor-version":[{"id":4129,"href":"https:\/\/dev.anesthesiasa.ch\/en\/wp-json\/wp\/v2\/pages\/40\/revisions\/4129"}],"wp:attachment":[{"href":"https:\/\/dev.anesthesiasa.ch\/en\/wp-json\/wp\/v2\/media?parent=40"}],"curies":[{"name":"wp","href":"https:\/\/api.w.org\/{rel}","templated":true}]}}